{"id":45,"date":"2025-01-26T00:46:36","date_gmt":"2025-01-26T00:46:36","guid":{"rendered":"https:\/\/www.halukinal.com\/about\/"},"modified":"2025-01-26T11:22:16","modified_gmt":"2025-01-26T11:22:16","slug":"about","status":"publish","type":"page","link":"https:\/\/www.halukinal.com\/?page_id=45","title":{"rendered":"About"},"content":{"rendered":"\n\n\n\n\n\n\n<p>About us<\/p>\n\n\n\n\n\n\n<p>Haluk \u0130NAL &#8211; INAL VISION<\/p>\n\n\n\n\n\n\n\n\n\n\n\n\n\n\n\n\n\n\n\n\n\n\n\n\n<p>Lorem ipsum dolor sit amet, consectetuer adipiscing elit. Aenean commodo ligule eget dolor. Aenaen massa, Cum soolis natoque penatibus et<\/p>\n\n\n\n\n<p>Hakk\u0131mda<\/p>\n\n<p>Ad\u0131m Haluk \u0130NAL. 10 y\u0131ld\u0131r foto\u011fraf\u00e7\u0131l\u0131k ile u\u011fra\u015f\u0131yorum, 3 y\u0131ld\u0131r profesyonel hizmet vermekteyim. 2025 itibari ile K\u00fctahya Dumlup\u0131nar \u00dcniversitesi Bilgisayar M\u00fchendisli\u011fi 4.s\u0131n\u0131f \u00f6\u011frencisiyim. 5 Y\u0131l DP\u00dc Foto\u011fraf\u00e7\u0131l\u0131k ve Sinema Toplulu\u011funda, ekibim ile birlikte \u00fcniversite \u00f6\u011frencilerine foto\u011fraf sanat\u0131n\u0131 ve sinema k\u00fclt\u00fcr\u00fcn\u00fc a\u015f\u0131lamak amac\u0131 ile g\u00f6n\u00fcll\u00fc olarak topluluk y\u00f6neticili\u011fini yapt\u0131m. Antalya Holiday Medya&#8217;da yaz aylar\u0131nda \u00e7al\u0131\u015ft\u0131m, 5 y\u0131ld\u0131zl\u0131 otellere tan\u0131t\u0131m filmi, sosyal medya i\u00e7erikleri ve foto\u011fraf \u00e7ekim hizmetlerinde bulundum, Prod\u00fcksiyon ve Post-Prod\u00fcksiyon hizmeti verdim. DP\u00dc Kurumsal \u0130leti\u015fim Koordinat\u00f6rl\u00fc\u011f\u00fcnde ve DP\u00dc S\u00fcrekli E\u011fitim Merkezi e\u011fitim i\u00e7eri\u011fi \u00e7ekim st\u00fcdyosunda \u00e7al\u0131\u015ft\u0131m.<\/p>\n\n\n\n\n\n\n\n\n\n\n\n\n\n\n\n\n\n\n\n\n\n\n<p>Adam Williamson<\/p>\n\n\n\n\n\n\n\n\n\n\n\n\n\n\n\n\n\n\n\n\n\n\n\n\n<p>Lorem ipsum dolor sit amet, consectetuer adipiscing elit. Aenean commodo ligule eget dolor. Aenaen massa, Cum soolis natoque penatibus et<\/p>\n\n\n\n\n\n\n\n\n<p>Lorem ipsum dolor sit amet, consectetur adipiscing elit, sed do eiusmod tempor incididunt ut labore et dolore magna aliqua. Ut enim ad minim veniam, quis nostrud exercitation ullamco laboris nisi ut aliquip ex ea commodo consequat. Duis aute irure dolor in reprehenderit in voluptate velit esse cillum dolore eu fugiat nulla pariatur.<\/p>\n\n\n\n\n\n\n\n\n<p>Diam in arcu curcus euismod quis viverra nibh cras. In ante metus dictum at tempor commodo ullamcorper. Ultrices eros in curcus turpis massa. Purus in massa tempor nec.<\/p>\n\n\n\n\n\n\n\n\n\n\n\n\n\n\n\n\n\n\n\n\n\n\n\n\n<p>Lorem ipsum dolor sit amet, consectetuer adipiscing elit. Aenean commodo ligule eget dolor. Aenaen massa, Cum soolis natoque penatibus et<\/p>\n\n\n\n\n\n\n\n\n\n\n\n\n\n\n<p>We are ready for any challenges<\/p>\n\n\n\n\n\n\n\n\n\n\n\n\n\n\n\n\n\n\n\n\n\n\n\n\n<p>Lorem ipsum dolor sit amet, consectetuer adipiscing elit. Aenean commodo ligule eget dolor. Aenaen massa, Cum soolis natoque penatibus et<\/p>\n\n\n\n\n\n\n\n\n\n\n\n\n\n<p>Why choose me<\/p>\n\n\n\n\n\n\n\n\n\n\n\n\n\n\n\n\n\n\n\n\n\n<p>Lorem ipsum dolor sit amet, consectetuer adipiscing elit. Aenean commodo ligule eget dolor. Aenaen massa, Cum soolis natoque penatibus et magnis dis parturient montes nascetur ridiculus mus<\/p>\n\n\n\n\n\n\n\n\n<p><em><font color=\"#606060\">Lorem ipsum dolor sit amet, consectetuer adipiscing elit. Aenean commodo ligule eget dolor. Aenaen massa<\/font><\/em><\/p>\n\n\n\n\n\n\n\n\n<p><em><font color=\"#606060\">Lorem ipsum dolor sit amet, consectetuer adipiscing elit. Aenean commodo ligule eget dolor. Aenaen massa<\/font><\/em><\/p>\n\n\n\n\n\n\n\n\n<p><em><font color=\"#606060\">Lorem ipsum dolor sit amet, consectetuer adipiscing elit. Aenean commodo ligule eget dolor. Aenaen massa<\/font><\/em><\/p>\n\n\n\n\n\n\n\n\n<p><em><font color=\"#606060\">Lorem ipsum dolor sit amet, consectetuer adipiscing elit. Aenean commodo ligule eget dolor. Aenaen massa<\/font><\/em><\/p>\n\n\n\n\n\n\n\n\n<p><em><font color=\"#606060\">Lorem ipsum dolor sit amet, consectetuer adipiscing elit. Aenean commodo ligule eget dolor. Aenaen massa<\/font><\/em><\/p>\n\n\n\n\n\n\n\n\n<p><em><font color=\"#606060\">Lorem ipsum dolor sit amet, consectetuer adipiscing elit. Aenean commodo ligule eget dolor. Aenaen massa<\/font><\/em><\/p>\n\n\n\n\n","protected":false},"excerpt":{"rendered":"","protected":false},"author":1,"featured_media":0,"parent":0,"menu_order":0,"comment_status":"closed","ping_status":"closed","template":"","meta":{"saved_in_kubio":false,"_siteseo_robots_primary_cat":"","pagelayer_contact_templates":[],"_pagelayer_content":"","footnotes":""},"class_list":["post-45","page","type-page","status-publish","hentry"],"kubio_ai_page_context":{"short_desc":"","purpose":"general"},"_links":{"self":[{"href":"https:\/\/www.halukinal.com\/index.php?rest_route=\/wp\/v2\/pages\/45","targetHints":{"allow":["GET"]}}],"collection":[{"href":"https:\/\/www.halukinal.com\/index.php?rest_route=\/wp\/v2\/pages"}],"about":[{"href":"https:\/\/www.halukinal.com\/index.php?rest_route=\/wp\/v2\/types\/page"}],"author":[{"embeddable":true,"href":"https:\/\/www.halukinal.com\/index.php?rest_route=\/wp\/v2\/users\/1"}],"replies":[{"embeddable":true,"href":"https:\/\/www.halukinal.com\/index.php?rest_route=%2Fwp%2Fv2%2Fcomments&post=45"}],"version-history":[{"count":3,"href":"https:\/\/www.halukinal.com\/index.php?rest_route=\/wp\/v2\/pages\/45\/revisions"}],"predecessor-version":[{"id":59,"href":"https:\/\/www.halukinal.com\/index.php?rest_route=\/wp\/v2\/pages\/45\/revisions\/59"}],"wp:attachment":[{"href":"https:\/\/www.halukinal.com\/index.php?rest_route=%2Fwp%2Fv2%2Fmedia&parent=45"}],"curies":[{"name":"wp","href":"https:\/\/api.w.org\/{rel}","templated":true}]}}